{"id":1377,"date":"2018-06-04T23:03:43","date_gmt":"2018-06-04T21:03:43","guid":{"rendered":"https:\/\/www.hotelbandelours.com\/?page_id=1377"},"modified":"2024-07-24T14:18:54","modified_gmt":"2024-07-24T12:18:54","slug":"politique-de-confidentialite","status":"publish","type":"page","link":"https:\/\/www.hotelbandelours.com\/en\/politique-de-confidentialite\/","title":{"rendered":"Privacy Policy"},"content":{"rendered":"<h1>Privacy Policy<\/h1>\n<p>Nous souhaitons garantir la protection des donn\u00e9es personnelles. Contactez-nous si vous avez la moindre question au sujet de l'utilisation des donn\u00e9es personnelles et nous serons ravis de vous assister.<\/p>\n<p>En utilisant ce site et les services associ\u00e9s, vous consentez \u00e0 l'utilisation de vos donn\u00e9es personnelles comme d\u00e9crit dans le pr\u00e9sent document.<\/p>\n<h3>Table des mati\u00e8res<\/h3>\n<ol>\n<li><a href=\"#gdpr-definitions\">D\u00e9finitions<\/a><\/li>\n<li><a href=\"#gdpr-principles\">Les principes mis en \u0153uvre pour la protection des donn\u00e9es<\/a><\/li>\n<li><a href=\"#gdpr-rights\">Vos droits concernant vos donn\u00e9es personnelles<\/a><\/li>\n<li><a href=\"#gdpr-information\">Quelles donn\u00e9es vous concernant nous recueillons<\/a><\/li>\n<li><a href=\"#gdpr-processing\">Comment vos donn\u00e9es personnelles sont utilis\u00e9es<\/a><\/li>\n<li><a href=\"#gdpr-sharing\">Qui d'autre a acc\u00e8s \u00e0 vos donn\u00e9es<\/a><\/li>\n<li><a href=\"#gdpr-security\">S\u00e9curit\u00e9 des donn\u00e9es<\/a><\/li>\n<li><a href=\"#gdpr-cookies\">Information sur les cookies<\/a><\/li>\n<li><a href=\"#gdpr-contact\">Information de contact<\/a><\/li>\n<\/ol>\n<h2 id=\"gdpr-definitions\">D\u00e9finitions<\/h2>\n<p><strong>Donn\u00e9e personnelle<\/strong> \u2013 toute information en rapport avec une personne identifi\u00e9e ou identifiable.<br \/>\n<strong>Traitement <\/strong>des donn\u00e9es \u2013 toute op\u00e9ration ou suite d'op\u00e9rations ex\u00e9cut\u00e9e sur des donn\u00e9es personnelles.<br \/>\n<strong>Subject<\/strong> - une personne physique dont les donn\u00e9es sont trait\u00e9es.<br \/>\n<strong>Enfant<\/strong> - une personne physique de moins de 16 ans.<br \/>\n<strong>Nous<\/strong> - Les Vignerons du Mont Sainte Victoire<\/p>\n<h2 id=\"gdpr-principles\">Les principes de la protection des donn\u00e9es<\/h2>\n<p>Nous nous engageons \u00e0 suivre les principes de protection des Donn\u00e9es suivants:<\/p>\n<ul>\n<li>Le Traitement est l\u00e9gitime, juste et transparent. Les activit\u00e9s de Traitement se font dans le cadre l\u00e9gal. Nous consid\u00e9rons toujours vos droits avant le Traitement. Nous vous fournirons des informations concernant le Traitement sur demande.<\/li>\n<li>Le Traitement est limit\u00e9 \u00e0 son seul objectif. Les activit\u00e9s de Traitement correspondent uniquement \u00e0 l'objectif pour lequel les Donn\u00e9es ont \u00e9t\u00e9 collect\u00e9es.<\/li>\n<li>Le Traitement est effectu\u00e9 avec le minimum de Donn\u00e9es. Nous recueillons seulement les Donn\u00e9es n\u00e9cessaires \u00e0 chaque usage.<\/li>\n<li>Le Traitement est limit\u00e9 dans le temps. Nous ne conservons pas les donn\u00e9es plus longtemps que n\u00e9cessaire.<\/li>\n<li>Nous faisons de notre mieux pour garantir l'exactitude des Donn\u00e9es.<\/li>\n<li>Nous faisons de notre mieux pour garantir l'int\u00e9grit\u00e9 et la confidentialit\u00e9 des Donn\u00e9es.<\/li>\n<\/ul>\n<h2 id=\"gdpr-rights\">Les droits du Sujet<\/h2>\n<p>Le Sujet a les droits suivants:<\/p>\n<ol>\n<li>Droit \u00e0 l'information - vous avez le droit de savoir quand vos donn\u00e9es sont trait\u00e9es; quelles Donn\u00e9es sont recueillies, comment elles sont obtenues et pourquoi et par qui elles sont trait\u00e9es.<\/li>\n<li>Droit d'acc\u00e8s - vous avez le droit d\u2019acc\u00e9der aux Donn\u00e9es vous concernant. Cela inclut votre droit \u00e0 demander et \u00e0 obtenir une copie de vos Donn\u00e9es personnelles.<\/li>\n<li>Droit de rectification - vous avez le droit de demander une rectification ou la suppression de Donn\u00e9e personnelle inexacte ou incompl\u00e8te.<\/li>\n<li>Droit de suppression - vous avez le droit dans certaines circonstances de demander \u00e0 ce que vos Donn\u00e9es personnelles soient effac\u00e9es de nos enregistrements.<\/li>\n<li>Droit de restriction de Traitement - vous avez le droit, sous certaines conditions, de limiter le Traitement de vos Donn\u00e9es.<\/li>\n<li>Droit d'objection au Traitement - vous avez le droit dans certains cas, de contester le Traitement de vos Donn\u00e9es, par exemple dans le cas de marketing direct.<\/li>\n<li>Droit d'objection au Traitement automatis\u00e9 - vous avez le droit de vous opposer au traitement automatis\u00e9, profiling inclus; et de ne pas \u00eatre sujet d'une d\u00e9cision bas\u00e9e uniquement sur un Traitement automatis\u00e9. Vous pouvez exercer ce droit d\u00e8s que le r\u00e9sultat du profiling a des cons\u00e9quences l\u00e9gales vous concernant ou vous affectant de mani\u00e8re significative.<\/li>\n<li>Droit au transfert des Donn\u00e9es - vous avez le droit d'obtenir vos Donn\u00e9es personnelles dans un format informatique ou lorsque c'est possible, par transfert direct.<\/li>\n<li>Droit de d\u00e9poser r\u00e9clamation - dans l'\u00e9ventualit\u00e9 o\u00f9 nous refuserions votre demande de Droit d'acc\u00e8s, nous vous en donnerions la raison explicite. Si vous n\u2019\u00e9tiez pas satisfait de cette proc\u00e9dure, veuillez nous contacter.<\/li>\n<li>Droit \u00e0 l'aide d'une autorit\u00e9 de supervision - vous avez le droit d'obtenir de l'aide de la part d'une autorit\u00e9 de supervision et le droit aux autres rem\u00e9diations l\u00e9gales telles que r\u00e9clamer des dommages.<\/li>\n<li>Droit de d\u00e9sistement - vous avez le droit de renoncer \u00e0 tout consentement donn\u00e9 pour le traitement de vos Donn\u00e9es.<\/li>\n<\/ol>\n<h2 id=\"gdpr-information\">Donn\u00e9es recueillies<\/h2>\n<p><strong>Informations que vous nous fournissez<br \/>\n<\/strong>Ce peut \u00eatre votre adresse e-mail, nom, adresse postale etc, toute information n\u00e9cessaire pour vous proposer un service ou am\u00e9liorer la relation avec nous. Nous sauvegardons les informations que vous nous fournissez dans le but de vous proposer d'autres fonctionnalit\u00e9s sur le site. Ces informations incluent, par exemple, votre nom et adresse e-mail.<\/p>\n<p><strong>Informations collect\u00e9es automatiquement vous concernant<\/strong><br \/>\nCela inclut les informations stock\u00e9es automatiquement dans les cookies et autres outils de session. Par exemple un panier d'achat, votre adresse IP, votre historique d'achats (s'il existe) etc. Cette information est utilis\u00e9e pour am\u00e9liorer votre exp\u00e9rience utilisateur. Lorsque vous utilisez nos services ou parcourez les contenus de notre site web, votre activit\u00e9 peut-\u00eatre enregistr\u00e9e.<\/p>\n<p><strong>Informations de nos partenaires<\/strong><br \/>\nNous rassemblons des informations de nos partenaires de confiance avec l'assurance qu'ils ont l'autorisation l\u00e9gale de les partager avec nous. Ce peut \u00eatre des informations que vous leur avez fournies directement ou qu'ils ont r\u00e9colt\u00e9es de fa\u00e7on l\u00e9gale. Consultez la liste de nos partenaires <a href=\"#gdpr-sharing\">ici<\/a>.<\/p>\n<p><strong>Informations disponibles publiquement<\/strong><br \/>\nNous pourrions recueillir des informations vous concernant qui seraient accessibles au public.<\/p>\n<h2 id=\"gdpr-processing\">Comment nous utilisons vos donn\u00e9es personnelles<\/h2>\n<p>Nous utilisons vos donn\u00e9es personnelles dans le but de:<\/p>\n<ul>\n<li>vous proposer un service. Cela inclut par exemple l'enregistrement d'un compte; vous fournir un produit ou service que vous auriez demand\u00e9; vous proposer des promotions \u00e0 votre demande et communiquer avec vous au sujet de ces produits et services; communiquer et interagir avec vous; et vous notifier de modifications de nos services.<\/li>\n<li>am\u00e9liorer votre exp\u00e9rience utilisateur;<\/li>\n<li>remplir une obligation l\u00e9gale ou contractuelle;<\/li>\n<\/ul>\n<p>Nous utilisons vos donn\u00e9es personnelles de fa\u00e7on l\u00e9gale et\/ou avec votre consentement.<\/p>\n<p>Dans le cas de conclusion d'un contrat ou de l'ex\u00e9cution d'obligations contractuelles, nous traitons vos donn\u00e9es personnelles aux fins suivantes:<\/p>\n<ul>\n<li>vous identifier;<\/li>\n<li>vous proposer un service ou vous vendre\/offrir un produit;<\/li>\n<li>communiquer soit pour la vente, soit pour la facturation;<\/li>\n<\/ul>\n<p>Dans le cas d'un inter\u00eat l\u00e9gitime, nous traitons vos donn\u00e9es personnelles aux fins suivantes:<\/p>\n<ul>\n<li>vous envoyer des offres personnalis\u00e9es* (de notre part et\/ou de la part de nos partenaires s\u00e9lectionn\u00e9s avec soin);<\/li>\n<li>administrer et analyser notre base de clients (historique et habitudes d'achats) afin d'am\u00e9liorer la qualit\u00e9, la diversit\u00e9 et la disponibilit\u00e9 de nos services et produits;<\/li>\n<li>r\u00e9aliser des questionnaires de satisfaction client;<\/li>\n<\/ul>\n<p>Tant que vous ne nous avez pas inform\u00e9s du contraire, nous consid\u00e9rons dans votre int\u00e9r\u00eat de vous proposer des services ou produits identiques ou similaires \u00e0 vos habitudes.<\/p>\n<p>Avec votre consentement, nous traitons vos donn\u00e9es personnelles avec les objectifs suivants:<\/p>\n<ul>\n<li>vous envoyer des bulletins d'information (newsletter) et des offres promotionnelles (de nous ou de nos partenaires s\u00e9lectionn\u00e9s);<\/li>\n<li>d'autres usages pour lesquels nous aurions demand\u00e9 votre consentement;<\/li>\n<\/ul>\n<p>Nous traitons vos donn\u00e9es personnelles afin de remplir les obligations d\u00e9coulant de la loi et \/ ou utiliser vos donn\u00e9es personnelles pour les options pr\u00e9vues par la loi. Nous nous r\u00e9servons le droit d'anonymiser les donn\u00e9es personnelles recueillies et d'utiliser ces donn\u00e9es. Nous n'utiliserons des donn\u00e9es en dehors du champ d'application de cette politique que si elles sont anonymis\u00e9es. Nous sauvegardons vos informations de facturation et autres informations recueillies \u00e0 votre sujet aussi longtemps que n\u00e9cessaire pour des raisons comptables ou d'autres obligations d\u00e9coulant de la loi, mais pas plus de 6 mois.<\/p>\n<p>Nous pourrions traiter vos donn\u00e9es personnelles \u00e0 d'autres fins qui ne sont pas mentionn\u00e9es ici, mais qui sont compatibles avec l'objectif initial pour lequel les donn\u00e9es ont \u00e9t\u00e9 collect\u00e9es. Pour ce faire, nous ferons en sorte que:<\/p>\n<ul>\n<li>le lien entre la finalit\u00e9, le contexte et la nature des donn\u00e9es personnelles est adapt\u00e9 \u00e0 un traitement ult\u00e9rieur;<\/li>\n<li>le traitement ult\u00e9rieur ne nuira pas \u00e0 vos int\u00e9r\u00eats<\/li>\n<li>il y aura une protection appropri\u00e9e pour le traitement.<\/li>\n<\/ul>\n<p>Nous vous informerons de tout traitement ult\u00e9rieur et des finalit\u00e9s.<\/p>\n<h2 id=\"gdpr-sharing\">Qui peut acc\u00e9der \u00e0 vos donn\u00e9es personnelles<\/h2>\n<p>Nous ne partageons pas vos donn\u00e9es personnelles avec des \u00e9trangers. Les donn\u00e9es vous concernant peuvent \u00eatre fournies \u00e0 un partenaire de confiance pour am\u00e9liorer votre exp\u00e9rience utilisateur ou vous fournir un service. Nous partageons vos donn\u00e9es avec:<\/p>\n<p><strong>Partenaires pour le traitement:<\/strong><\/p>\n<ul>\n<li><strong>Google Analytics<\/strong><\/li>\n<\/ul>\n<p><strong>Partenaires pour l'entreprise :<\/strong><\/p>\n<ul>\n<li>N\u00e9ant<\/li>\n<\/ul>\n<p><strong>Tiers:<\/strong><\/p>\n<ul>\n<li>N\u00e9ant<\/li>\n<\/ul>\n<p>Nous travaillons uniquement avec des partenaires de traitement capables d'assurer un niveau ad\u00e9quat de protection de vos donn\u00e9es personnelles. Nous divulguons vos donn\u00e9es personnelles \u00e0 des tiers ou \u00e0 des fonctionnaires lorsque nous sommes l\u00e9galement tenus de le faire. Nous pourrions divulguer vos donn\u00e9es personnelles \u00e0 des tiers si vous y avez consenti ou s'il existe d'autres motifs l\u00e9gaux.<\/p>\n<h2 id=\"gdpr-security\">Comment nous s\u00e9curisons vos donn\u00e9es<\/h2>\n<p>Nous faisons de notre mieux pour prot\u00e9ger vos donn\u00e9es personnelles. Nous utilisons des protocoles s\u00e9curis\u00e9s pour la communication et le transfert de donn\u00e9es (tel que HTTPS). Nous utilisons l'anonymisation et le pseudonymage lorsque cela est appropri\u00e9. Nous surveillons nos syst\u00e8mes pour d\u00e9tecter d'\u00e9ventuelles vuln\u00e9rabilit\u00e9s et attaques.<\/p>\n<p>M\u00eame si nous faisons de notre mieux, nous ne pouvons pas garantir la s\u00e9curit\u00e9 de l'information. Cependant, nous nous engageons \u00e0 informer les autorit\u00e9s comp\u00e9tentes des violations de donn\u00e9es. Nous vous aviserons \u00e9galement s'il existe une menace pour vos droits ou int\u00e9r\u00eats. Nous ferons tout ce qui est raisonnablement possible pour pr\u00e9venir les violations de la s\u00e9curit\u00e9 et aider les autorit\u00e9s en cas de violation.<\/p>\n<p>Si vous avez un compte sur notre site, notez que vous devez tenir votre identifiant et votre mot de passe secrets.<\/p>\n<h2>Enfants<\/h2>\n<p>Nous ne recueillons pas intentionnellement ni volontairement des informations concernant les enfants. Nos services ne sont pas destin\u00e9s aux enfants.<\/p>\n<h2 id=\"gdpr-cookies\">Cookies et autres technologies utilis\u00e9es<\/h2>\n<p>Nous utilisons des cookies et\/ou des technologies similaires pour analyser le comportement des clients, administrer le site Web, suivre les mouvements des utilisateurs et collecter des informations sur les utilisateurs. Ceci est fait afin de personnaliser et d'am\u00e9liorer votre exp\u00e9rience avec nous.<\/p>\n<p>Un cookie est un petit fichier texte stock\u00e9 sur votre ordinateur. Les cookies stockent les informations utilis\u00e9es pour aider \u00e0 faire fonctionner les sites. Nous pouvons uniquement acc\u00e9der aux cookies cr\u00e9\u00e9s par notre site web. Vous pouvez contr\u00f4ler vos cookies au niveau du navigateur. Choisir de d\u00e9sactiver les cookies peut vous emp\u00eacher d'utiliser certaines fonctions.<\/p>\n<p><strong>Nous utilisons les cookies aux fins suivantes:<\/strong><\/p>\n<ul>\n<li>Cookies n\u00e9cessaires: ces cookies sont n\u00e9cessaires pour que vous puissiez utiliser certaines fonctionnalit\u00e9s importantes sur notre site web, telles que la connexion. Ces cookies ne collectent aucune information personnelle.<\/li>\n<li>Cookies de fonctionnalit\u00e9 - ces cookies fournissent des fonctionnalit\u00e9s qui rendent l'utilisation de notre service plus pratique et permettent d'offrir des fonctionnalit\u00e9s plus personnalis\u00e9es. Par exemple, ils peuvent se souvenir de votre nom et de votre adresse e-mail dans des formulaires de commentaire. Vous n'avez donc pas besoin de ressaisir cette information la prochaine fois que vous commenterez.<\/li>\n<li>Cookies analytiques: ces cookies sont utilis\u00e9s pour suivre l'utilisation et les performances de notre site web et de nos services<\/li>\n<li>Cookies publicitaires: ces cookies sont utilis\u00e9s pour diffuser des publicit\u00e9s pertinentes pour vous et vos int\u00e9r\u00eats. En outre, ils sont utilis\u00e9s pour limiter le nombre de fois que vous voyez une publicit\u00e9. Ils sont g\u00e9n\u00e9ralement plac\u00e9s sur le site web par des r\u00e9seaux publicitaires avec la permission de l'op\u00e9rateur du site. Ces cookies se souviennent que vous avez visit\u00e9 un site web et que ces informations sont partag\u00e9es avec d'autres organisations telles que les annonceurs. Souvent, les cookies de ciblage ou de publicit\u00e9 seront li\u00e9s aux fonctionnalit\u00e9s du site fournies par l'autre organisation.<\/li>\n<\/ul>\n<p>Vous pouvez supprimer les cookies stock\u00e9s sur votre ordinateur via les param\u00e8tres du navigateur. Vous pouvez \u00e9galement contr\u00f4ler certains cookies tiers en utilisant une plate-forme d'am\u00e9lioration de la confidentialit\u00e9, telle que <a href=\"http:\/\/optout.aboutads.info\" rel=\"nofollow noopener\" target=\"_blank\">optout.aboutads.info<\/a> ou <a href=\"http:\/\/youronlinechoices.com\" rel=\"nofollow noopener\" target=\"_blank\">youronlinechoices.com<\/a>. Pour plus d'informations sur les cookies, visitez <a href=\"http:\/\/allaboutcookies.org\" rel=\"nofollow noopener\" target=\"_blank\">allaboutcookies.org<\/a>.<\/p>\n<p>Nous utilisons Google Analytics pour mesurer le trafic sur notre site web. Google a sa propre politique de confidentialit\u00e9 que vous pouvez consulter <a href=\"https:\/\/support.google.com\/analytics\/answer\/6004245\" rel=\"nofollow noopener\" target=\"_blank\">ici<\/a>. Si vous souhaitez d\u00e9sactiver le suivi par Google Analytics, consultez la <a href=\"https:\/\/tools.google.com\/dlpage\/gaoptout\" rel=\"nofollow noopener\" target=\"_blank\">page de d\u00e9sactivation<\/a> de Google Analytics.<\/p>\n<h2 id=\"gdpr-contact\">Information de Contact<\/h2>\n<p><strong id=\"gdpr-dpa\">Autorit\u00e9 de surveillance<\/strong><\/p>\n<h2 id=\"gdpr-changes\">Changement de notre politique de confidentialit\u00e9<\/h2>\n<p>Nous nous r\u00e9servons le droit de modifier notre politique de confidentialit\u00e9.<br \/>\nDerni\u00e8re modification: 7 f\u00e9vrier 2022.<\/p>","protected":false},"excerpt":{"rendered":"<p>Politique de confidentialit\u00e9 Nous souhaitons garantir la protection des donn\u00e9es personnelles. Contactez-nous si vous avez la moindre question au sujet de l'utilisation des donn\u00e9es personnelles et nous serons ravis de vous assister. En utilisant ce site et les services associ\u00e9s, vous consentez \u00e0 l'utilisation de vos donn\u00e9es personnelles comme d\u00e9crit dans le pr\u00e9sent document. Table [&hellip;]<\/p>\n","protected":false},"author":1,"featured_media":0,"parent":0,"menu_order":0,"comment_status":"closed","ping_status":"closed","template":"","meta":{"_acf_changed":false,"footnotes":""},"class_list":["post-1377","page","type-page","status-publish","hentry"],"acf":[],"_links":{"self":[{"href":"https:\/\/www.hotelbandelours.com\/en\/wp-json\/wp\/v2\/pages\/1377","targetHints":{"allow":["GET"]}}],"collection":[{"href":"https:\/\/www.hotelbandelours.com\/en\/wp-json\/wp\/v2\/pages"}],"about":[{"href":"https:\/\/www.hotelbandelours.com\/en\/wp-json\/wp\/v2\/types\/page"}],"author":[{"embeddable":true,"href":"https:\/\/www.hotelbandelours.com\/en\/wp-json\/wp\/v2\/users\/1"}],"replies":[{"embeddable":true,"href":"https:\/\/www.hotelbandelours.com\/en\/wp-json\/wp\/v2\/comments?post=1377"}],"version-history":[{"count":9,"href":"https:\/\/www.hotelbandelours.com\/en\/wp-json\/wp\/v2\/pages\/1377\/revisions"}],"predecessor-version":[{"id":2041,"href":"https:\/\/www.hotelbandelours.com\/en\/wp-json\/wp\/v2\/pages\/1377\/revisions\/2041"}],"wp:attachment":[{"href":"https:\/\/www.hotelbandelours.com\/en\/wp-json\/wp\/v2\/media?parent=1377"}],"curies":[{"name":"wp","href":"https:\/\/api.w.org\/{rel}","templated":true}]}}