{"id":561,"date":"2016-02-25T15:40:23","date_gmt":"2016-02-25T14:40:23","guid":{"rendered":"http:\/\/hotelbandelours.com\/?page_id=561"},"modified":"2025-11-13T15:13:06","modified_gmt":"2025-11-13T14:13:06","slug":"legal-notice","status":"publish","type":"page","link":"https:\/\/www.hotelbandelours.com\/en\/mentions-legales\/","title":{"rendered":"Legal notice"},"content":{"rendered":"<h1>Legal notice<\/h1>\n<p>Derni\u00e8re mise \u00e0 jour le 13 novembre 2025<\/p>\n<h2>1. Presentation of our website<\/h2>\n<p>In accordance with Law No. 2004-2005 of June 21, 2004 on confidence in the digital economy, our website created by <a title=\"Frederic Pastel\" href=\"http:\/\/www.frederic-pastel.com\" rel=\"nofollow noopener\" target=\"_blank\">Frederic Pastel<\/a>, owner of website <a title=\"Frederic Pastel\" href=\"http:\/\/www.frederic-pastel.com\" rel=\"nofollow noopener\" target=\"_blank\">www.frederic-pastel.com<\/a>, makes information about our company available to the public.<\/p>\n<p>Possibly modifiable, we therefore invite you to consult our legal notices as often as possible, so as to read them frequently.<\/p>\n<p>The website <a title=\"Mme Frederique Meyer et Mr Thierry Meyer\" href=\"https:\/\/www.hotelbandelours.com\/en\/\">www.hotelbandelours.com<\/a> belongs to Mrs Frederique Meyer and Mr Thierry Meyer - SARL Bourgeon, whose registered office is located at the following address: H\u00f4tel Le Ban de l'Ours, Hameau de l'Ubac 05800 St Maurice en Valgodemard, France.<br \/>\nA natural or legal person, Frederique Meyer is responsible for the publication, whose e-mail address is as follows: <a href=\"mailto:infos@hotelbandelours.com\">infos@hotelbandelours.com<\/a><br \/>\nThe webmaster, Frederic Pastel, is responsible for the administration of the site, whose e-mail address is as follows: <a href=\"mailto:contact@frederic-pastel.com\">contact@frederic-pastel.com<\/a>.<br \/>\nThe website <a title=\"Mme Frederique Meyer et Mr Thierry Meyer\" href=\"https:\/\/www.hotelbandelours.com\/en\/\">www.hotelbandelours.com<\/a> is hosted by OVH, whose head office is located at the following address: 2 rue Kellermann - 59100 Roubaix - France.<\/p>\n<p>Credits: these legal notices have been generated and offered via this tool <a title=\"G\u00e9n\u00e9rateur de mentions l\u00e9gales gratuit\" href=\"http:\/\/www.g7design.fr\/outils-web\/generateur-de-mentions-legales\/\" target=\"_blank\" rel=\"noopener nofollow\">http:\/\/www.g7design.fr\/outils-web\/generateur-de-mentions-legales\/<\/a> dont les \u00e9diteurs se d\u00e9chargent de toute responsabilit\u00e9.<\/p>\n<h2>2. General conditions of use of the site and the services offered.<\/h2>\n<p class=\"translation-block\">By using our website <a href=\"https:\/\/www.hotelbandelours.com\/en\/\" target=\"_self\">www.hotelbandelours.com<\/a>, you fully accept and fully the general conditions of use specified in our legal notices. Accessible to any type of visitor, it is important to specify however that an interruption for maintenance of the website may be decided by Mrs. Frederique Meyer and Mr. Thierry Meyer. The dates and times of interruptions will nevertheless be specified in advance to users.<\/p>\n<h2 class=\"translation-block\">3. The products or services offered by <a href=\"https:\/\/www.hotelbandelours.com\/en\/\" target=\"_self\">www.hotelbandelours.com<\/a><\/h2>\n<p class=\"translation-block\">In accordance with its communication policy, the site <a href=\"https:\/\/www.hotelbandelours.com\/en\/\" target=\"_self\">www.hotelbandelours.com<\/a> aims to inform users about the services offered by the Hotel Le Ban de l'Ours, which then endeavors to provide precise information on its activity. However, inaccuracies or omissions may exist: the company can in no way be held responsible for any error present on the site <a href=\"https:\/\/www. hotelbandelours.com\" target=\"_self\">www.hotelbandelours.com<\/a>.<\/p>\n<h2>4. Contractual limitations<\/h2>\n<p class=\"translation-block\">The information transcribed on our website www.hotelbandelours.com<\/a> makes the subject to qualitative approaches, with a view to ensuring their reliability. However, we cannot incur any liability in the event of technical inaccuracies in our explanations.<br><\/p>\n<p class=\"translation-block\">Links linked directly or indirectly to our website <a href=\"https:\/\/www.hotelbandelours.com\/en\/\" target=\"_self\">www.hotelbandelours.com<\/a> are not under the control of our company. Therefore, we cannot ensure the accuracy of the information on these other websites.<\/p>\n<p class=\"translation-block\">Using JavaScript technology, the site <a title=\"Mrs Frederique Meyer and Mr Thierry Meyer\" href=\"https:\/\/www.hotelbandelours.com\/en\/\" target=\"_self\">www.hotelbandelours.com<\/a> cannot be held responsible for material damage related to its use. Nor, moreover, for any other type of consequence related to the operation of the site <a title=\"Mrs. Frederique Meyer and Mr. Thierry Meyer\" href=\"https:\/\/www.hotelbandelours.com\/en\/\" target=\"_self\">www .hotelbandelours.com<\/a>, whether direct or indirect (bug, incompatibility, virus, loss of market, etc.).<\/p>\n<h2>5. Intellectual Property and Website Content<\/h2>\n<p class=\"translation-block\">The editorial content of the website <a href=\"https:\/\/www.hotelbandelours.com\/en\/\" target=\"_self\">www.hotelbandelours.com<\/a> belongs exclusively to Mrs Frederique Meyer and Mr Thierry Meyer. Any violation of copyright is sanctioned by article L.335-2 of the Intellectual Property Code, with a penalty of 2 years imprisonment and a fine of \u20ac150,000.<\/p>\n<p class=\"translation-block\">The site <a title=\"Mrs. Frederique Meyer and Mr. Thierry Meyer\" href=\"https:\/\/www.hotelbandelours.com\/en\/\" target=\"_self\">www.hotelbandelours.com<\/a> cannot be questioned in cases of offensive, racist, defamatory or pornographic comments exchanged on the interactive spaces. The company also reserves the right to delete any content contrary to the values of the company or to the legislation applicable in France.<\/p>\n<p class=\"translation-block\">By browsing the site <a title=\"Mrs Frederique Meyer and Mr Thierry Meyer\" href=\"https:\/\/www.hotelbandelours.com\/en\/\" target=\"_self\">www.hotelbandelours.com<\/a>, the user also accepts the possible installation of cookies on his computer.<\/p>\n<h2>6. Personal data, respect for your privacy and your freedoms<\/h2>\n<p class=\"translation-block\">Any information collected on the website <a href=\"https:\/\/www.hotelbandelours.com\/en\/\" target=\"_self\">www.hotelbandelours.com<\/a> is done as part of the needs related to the use of our platform.<br>\nMrs. Frederique Meyer and Mr. Thierry Meyer undertake not to transfer any information concerning users of the website, in any way whatsoever (sale, exchange, loan, rental, donation).<\/p>\n<p class=\"translation-block\">In accordance with the law \"Informatique et Libert\u00e9s\" of January 6, 1978 amended in 2004, the user has the right to access and rectify information concerning him, a right he can exercise at any time by sending an email to the address <a href=\"mailto:contact@frederic-pastel.com\" target=\"_self\">contact@frederic-pastel.com<\/a>, or by making a request by post, to the following address: Hotel Le Ban de l'Ours, Hameau de l'Ubac 05800 St Maurice en Valgodemard, France.<\/p>\n<h2>7. Applicable law and relevant laws<\/h2>\n<p class=\"translation-block\">Subject to French law, the website <a title=\"Mrs Frederique Meyer and Mr Thierry Meyer\" href=\"https:\/\/www.hotelbandelours.com\/en\/\" target=\"_self\">www.hotelbandelours.com<\/a> is framed by Law No. 2004-2005 of June 21, 2004 on confidence in the digital economy, Article L.335-2 of the Intellectual Property Code and the \"Informatique et Libert\u00e9s\" law of January 6, 1978 amended in 2004.<\/p>\n<h2>Company info:<\/h2>\n<p>SARL Bourgeon<br \/>\nLe Ban de l'Ours<br \/>\nHameau de l'Ubac<br \/>\n05800 St Maurice en Valgodemard<br \/>\nFrance<\/p>\n<p>Activity: Hotels and Similar Accommodation (5510Z)<br \/>\nSIRET: 39106577800014<\/p>\n<h2>Cr\u00e9dits photos et vid\u00e9o:<\/h2>\n<p>Toutes les photos et vid\u00e9os sont la propri\u00e9t\u00e9 du Ban de l'Ours, \u00e0 l'exception des \u00e9l\u00e9ment cr\u00e9dit\u00e9s ci-dessous:<\/p>\n<ul>\n<li>Vue en montant \u00e0 Vallonpierre - Berrucommons (Creative Commons)<\/li>\n<li>Reflet de l'Olan dans le lac de P\u00e9tarel - Remfunes (Creative Commons)<\/li>\n<li>Valgaudemar near Refuge de Vallonpierre - MartinD (Creative Commons)<\/li>\n<li>Alps -\u00a0 David Hugues (Fotolia)<\/li>\n<li>Bridge - David Hugues (Fotolia)<\/li>\n<li>Kayaker - Zabelin (PhotoDune)<\/li>\n<li>Mountain Bike and blue sky background - OlegDoroshin\u00a0 (PhotoDune)<\/li>\n<li>Rock climbing - Emiliau (PhotoDune)<\/li>\n<li>Trekking - Jacques_Palut (PhotoDune)<\/li>\n<li>Snow - Subbotina\u00a0 (PhotoDune)<\/li>\n<li>Dangerous Ropeway with Tether in Rope Park, Trees with Green Lea- breeze09\u00a0 (PhotoDune)<\/li>\n<li>Snowy Crocus - Red Junasun (Flickr)<\/li>\n<li>Edelweiss field - Magda Ehlers (Pexels)<\/li>\n<li>Lac du Lauzon - Elke Rader<\/li>\n<li>Autumn cherries wild - J Henning (Pixabay)<\/li>\n<li>Snow falling down -John-Mark Smith (Pexels)<\/li>\n<li>Brooks river crystal clear - Sense all is void (Pixabay)<\/li>\n<li><a href=\"https:\/\/pixabay.com\/videos\/leaves-forest-woods-falling-water-136194\/\" target=\"_blank\" rel=\"nofollow noopener\">Leaves<\/a> - Stefanie Jockschat (Pixabay)<\/li>\n<\/ul>\n<h4>Photo submission in the gallery:<\/h4>\n<p>To submit a photo to be displayed in our album, the user must acknowledge having read the following points:<\/p>\n<ul>\n<li>Be the author or act on behalf of the author of the photograph<\/li>\n<li>Authorize its distribution on this site and renounce the exclusivity of the photograph<\/li>\n<li>Authorize the publication of the name or pseudonym of the author<\/li>\n<li>The photograph must have as its subject or be related to the Valgaudemar and must respect the laws in force (image rights in particular)<\/li>\n<li>The user or author may at any time request the permanent deletion of his photo from the webmaster by email.<\/li>\n<\/ul>","protected":false},"excerpt":{"rendered":"<p>Mentions L\u00e9gales Derni\u00e8re mise \u00e0 jour le 13 novembre 2025 1. Pr\u00e9sentation de notre site web Conform\u00e9ment \u00e0 la loi n\u00b0 2004-2005 du 21 juin 2004 pour la confiance dans l'\u00e9conomie num\u00e9rique, notre site web cr\u00e9\u00e9 par Frederic Pastel, propri\u00e9taire du site www.frederic-pastel.com, met \u00e0 disposition du public les informations concernant notre entreprise. \u00c9ventuellement modifiables, [&hellip;]<\/p>\n","protected":false},"author":2,"featured_media":0,"parent":0,"menu_order":0,"comment_status":"closed","ping_status":"closed","template":"","meta":{"_acf_changed":false,"footnotes":""},"class_list":["post-561","page","type-page","status-publish","hentry"],"acf":[],"_links":{"self":[{"href":"https:\/\/www.hotelbandelours.com\/en\/wp-json\/wp\/v2\/pages\/561","targetHints":{"allow":["GET"]}}],"collection":[{"href":"https:\/\/www.hotelbandelours.com\/en\/wp-json\/wp\/v2\/pages"}],"about":[{"href":"https:\/\/www.hotelbandelours.com\/en\/wp-json\/wp\/v2\/types\/page"}],"author":[{"embeddable":true,"href":"https:\/\/www.hotelbandelours.com\/en\/wp-json\/wp\/v2\/users\/2"}],"replies":[{"embeddable":true,"href":"https:\/\/www.hotelbandelours.com\/en\/wp-json\/wp\/v2\/comments?post=561"}],"version-history":[{"count":15,"href":"https:\/\/www.hotelbandelours.com\/en\/wp-json\/wp\/v2\/pages\/561\/revisions"}],"predecessor-version":[{"id":2303,"href":"https:\/\/www.hotelbandelours.com\/en\/wp-json\/wp\/v2\/pages\/561\/revisions\/2303"}],"wp:attachment":[{"href":"https:\/\/www.hotelbandelours.com\/en\/wp-json\/wp\/v2\/media?parent=561"}],"curies":[{"name":"wp","href":"https:\/\/api.w.org\/{rel}","templated":true}]}}